{"id":6755,"date":"2020-04-17T22:29:58","date_gmt":"2020-04-17T20:29:58","guid":{"rendered":"https:\/\/www.fondriestbici.com\/azienda\/"},"modified":"2024-07-23T15:29:19","modified_gmt":"2024-07-23T13:29:19","slug":"unternehmen","status":"publish","type":"page","link":"https:\/\/www.fondriestbici.com\/de\/unternehmen\/","title":{"rendered":"Unternehmen"},"content":{"rendered":"<p>Fondriest ist die &#8220;Racing&#8221;-Marke, die 2006 zur Gruppe hinzukam und zu einem deutlichen Mentalit\u00e4tswandel innerhalb von Cicli Esperia beitrug.<\/p>\n<p>Wir erleben tats\u00e4chlich eine erhebliche Zunahme der strategischen Sensibilit\u00e4t in Bezug auf die Produktion und den Vertrieb von High-End-Fahrr\u00e4dern.<\/p>\n<p>Dies hat es uns erm\u00f6glicht, einen Teil unserer Ressourcen auf die Schaffung von Rahmen und Fahrr\u00e4dern mit hoher Leistung zu konzentrieren, die sich an Wettkampfsportler und die anspruchsvollsten Zweirad-Enthusiasten richten.<\/p>\n","protected":false},"excerpt":{"rendered":"<p>Fondriest ist die &#8220;Racing&#8221;-Marke, die 2006 zur Gruppe hinzukam und zu einem deutlichen Mentalit\u00e4tswandel innerhalb von Cicli Esperia beitrug. Wir erleben tats\u00e4chlich eine erhebliche Zunahme der strategischen Sensibilit\u00e4t in Bezug auf die Produktion und den Vertrieb von High-End-Fahrr\u00e4dern. Dies hat es uns erm\u00f6glicht, einen Teil unserer Ressourcen auf die Schaffung von Rahmen und Fahrr\u00e4dern mit [&hellip;]<\/p>\n","protected":false},"author":1,"featured_media":6204,"parent":0,"menu_order":0,"comment_status":"closed","ping_status":"closed","template":"template-azienda.php","meta":{"_acf_changed":false,"inline_featured_image":false,"footnotes":""},"class_list":["post-6755","page","type-page","status-publish","has-post-thumbnail","hentry"],"acf":[],"_links":{"self":[{"href":"https:\/\/www.fondriestbici.com\/de\/wp-json\/wp\/v2\/pages\/6755","targetHints":{"allow":["GET"]}}],"collection":[{"href":"https:\/\/www.fondriestbici.com\/de\/wp-json\/wp\/v2\/pages"}],"about":[{"href":"https:\/\/www.fondriestbici.com\/de\/wp-json\/wp\/v2\/types\/page"}],"author":[{"embeddable":true,"href":"https:\/\/www.fondriestbici.com\/de\/wp-json\/wp\/v2\/users\/1"}],"replies":[{"embeddable":true,"href":"https:\/\/www.fondriestbici.com\/de\/wp-json\/wp\/v2\/comments?post=6755"}],"version-history":[{"count":2,"href":"https:\/\/www.fondriestbici.com\/de\/wp-json\/wp\/v2\/pages\/6755\/revisions"}],"predecessor-version":[{"id":6771,"href":"https:\/\/www.fondriestbici.com\/de\/wp-json\/wp\/v2\/pages\/6755\/revisions\/6771"}],"wp:featuredmedia":[{"embeddable":true,"href":"https:\/\/www.fondriestbici.com\/de\/wp-json\/wp\/v2\/media\/6204"}],"wp:attachment":[{"href":"https:\/\/www.fondriestbici.com\/de\/wp-json\/wp\/v2\/media?parent=6755"}],"curies":[{"name":"wp","href":"https:\/\/api.w.org\/{rel}","templated":true}]}}