{"id":5802,"date":"2024-07-08T16:15:11","date_gmt":"2024-07-08T14:15:11","guid":{"rendered":"https:\/\/www.fondriestbici.com\/?page_id=5802"},"modified":"2024-07-08T16:53:04","modified_gmt":"2024-07-08T14:53:04","slug":"empresa","status":"publish","type":"page","link":"https:\/\/www.fondriestbici.com\/es\/empresa\/","title":{"rendered":"Empresa"},"content":{"rendered":"<p>&#8220;Fondriest es la marca &#8220;&#8221;racing&#8221;&#8221; que se uni\u00f3 al grupo en 2006, contribuyendo a un cambio claro en la mentalidad empresarial dentro de Cicli Esperia.<br \/>\nDe hecho, estamos presenciando un aumento significativo en la sensibilidad estrat\u00e9gica relacionada con la producci\u00f3n y comercializaci\u00f3n de bicicletas de alta gama.<br \/>\nEsto nos ha permitido centrar parte de nuestros recursos en la creaci\u00f3n de cuadros y bicicletas de alto rendimiento, dedicadas a atletas y entusiastas m\u00e1s exigentes de las dos ruedas.&#8221;<\/p>\n","protected":false},"excerpt":{"rendered":"<p>&#8220;Fondriest es la marca &#8220;&#8221;racing&#8221;&#8221; que se uni\u00f3 al grupo en 2006, contribuyendo a un cambio claro en la mentalidad empresarial dentro de Cicli Esperia. De hecho, estamos presenciando un aumento significativo en la sensibilidad estrat\u00e9gica relacionada con la producci\u00f3n y comercializaci\u00f3n de bicicletas de alta gama. Esto nos ha permitido centrar parte de nuestros [&hellip;]<\/p>\n","protected":false},"author":1,"featured_media":3852,"parent":0,"menu_order":0,"comment_status":"closed","ping_status":"closed","template":"template-azienda.php","meta":{"_acf_changed":false,"inline_featured_image":false,"footnotes":""},"class_list":["post-5802","page","type-page","status-publish","has-post-thumbnail","hentry"],"acf":[],"_links":{"self":[{"href":"https:\/\/www.fondriestbici.com\/es\/wp-json\/wp\/v2\/pages\/5802","targetHints":{"allow":["GET"]}}],"collection":[{"href":"https:\/\/www.fondriestbici.com\/es\/wp-json\/wp\/v2\/pages"}],"about":[{"href":"https:\/\/www.fondriestbici.com\/es\/wp-json\/wp\/v2\/types\/page"}],"author":[{"embeddable":true,"href":"https:\/\/www.fondriestbici.com\/es\/wp-json\/wp\/v2\/users\/1"}],"replies":[{"embeddable":true,"href":"https:\/\/www.fondriestbici.com\/es\/wp-json\/wp\/v2\/comments?post=5802"}],"version-history":[{"count":3,"href":"https:\/\/www.fondriestbici.com\/es\/wp-json\/wp\/v2\/pages\/5802\/revisions"}],"predecessor-version":[{"id":5807,"href":"https:\/\/www.fondriestbici.com\/es\/wp-json\/wp\/v2\/pages\/5802\/revisions\/5807"}],"wp:featuredmedia":[{"embeddable":true,"href":"https:\/\/www.fondriestbici.com\/es\/wp-json\/wp\/v2\/media\/3852"}],"wp:attachment":[{"href":"https:\/\/www.fondriestbici.com\/es\/wp-json\/wp\/v2\/media?parent=5802"}],"curies":[{"name":"wp","href":"https:\/\/api.w.org\/{rel}","templated":true}]}}