{"id":5833,"date":"2020-04-17T22:29:58","date_gmt":"2020-04-17T20:29:58","guid":{"rendered":"https:\/\/www.fondriestbici.com\/azienda\/"},"modified":"2024-07-22T14:39:05","modified_gmt":"2024-07-22T12:39:05","slug":"entreprise","status":"publish","type":"page","link":"https:\/\/www.fondriestbici.com\/fr\/entreprise\/","title":{"rendered":"Entreprise"},"content":{"rendered":"<p>Fondriest est la marque &#8220;racing&#8221; qui a rejoint le groupe en 2006, contribuant \u00e0 un net changement de mentalit\u00e9 au sein de Cicli Esperia.<\/p>\n<p>Nous assistons en effet \u00e0 une augmentation significative de la sensibilit\u00e9 strat\u00e9gique li\u00e9e \u00e0 la production et \u00e0 la commercialisation de v\u00e9los haut de gamme.<\/p>\n<p>Cela nous a permis de concentrer une partie de nos ressources sur la cr\u00e9ation de cadres et de v\u00e9los \u00e0 haute performance, d\u00e9di\u00e9s aux athl\u00e8tes et aux passionn\u00e9s de deux roues les plus exigeants.<\/p>\n","protected":false},"excerpt":{"rendered":"<p>Fondriest est la marque &#8220;racing&#8221; qui a rejoint le groupe en 2006, contribuant \u00e0 un net changement de mentalit\u00e9 au sein de Cicli Esperia. Nous assistons en effet \u00e0 une augmentation significative de la sensibilit\u00e9 strat\u00e9gique li\u00e9e \u00e0 la production et \u00e0 la commercialisation de v\u00e9los haut de gamme. Cela nous a permis de concentrer [&hellip;]<\/p>\n","protected":false},"author":1,"featured_media":5835,"parent":0,"menu_order":0,"comment_status":"closed","ping_status":"closed","template":"template-azienda.php","meta":{"_acf_changed":false,"inline_featured_image":false,"footnotes":""},"class_list":["post-5833","page","type-page","status-publish","has-post-thumbnail","hentry"],"acf":[],"_links":{"self":[{"href":"https:\/\/www.fondriestbici.com\/fr\/wp-json\/wp\/v2\/pages\/5833","targetHints":{"allow":["GET"]}}],"collection":[{"href":"https:\/\/www.fondriestbici.com\/fr\/wp-json\/wp\/v2\/pages"}],"about":[{"href":"https:\/\/www.fondriestbici.com\/fr\/wp-json\/wp\/v2\/types\/page"}],"author":[{"embeddable":true,"href":"https:\/\/www.fondriestbici.com\/fr\/wp-json\/wp\/v2\/users\/1"}],"replies":[{"embeddable":true,"href":"https:\/\/www.fondriestbici.com\/fr\/wp-json\/wp\/v2\/comments?post=5833"}],"version-history":[{"count":4,"href":"https:\/\/www.fondriestbici.com\/fr\/wp-json\/wp\/v2\/pages\/5833\/revisions"}],"predecessor-version":[{"id":6105,"href":"https:\/\/www.fondriestbici.com\/fr\/wp-json\/wp\/v2\/pages\/5833\/revisions\/6105"}],"wp:featuredmedia":[{"embeddable":true,"href":"https:\/\/www.fondriestbici.com\/fr\/wp-json\/wp\/v2\/media\/5835"}],"wp:attachment":[{"href":"https:\/\/www.fondriestbici.com\/fr\/wp-json\/wp\/v2\/media?parent=5833"}],"curies":[{"name":"wp","href":"https:\/\/api.w.org\/{rel}","templated":true}]}}