{"id":4891,"date":"2020-04-17T22:29:58","date_gmt":"2020-04-17T20:29:58","guid":{"rendered":"https:\/\/www.fondriestbici.com\/azienda\/"},"modified":"2024-10-21T17:25:57","modified_gmt":"2024-10-21T15:25:57","slug":"firma","status":"publish","type":"page","link":"https:\/\/www.fondriestbici.com\/pl\/firma\/","title":{"rendered":"Firma"},"content":{"rendered":"<p>Fondriest to marka wy\u015bcigowa, kt\u00f3ra do\u0142\u0105czy\u0142a do grupy w 2006 roku, przyczyniaj\u0105c si\u0119 do wyra\u017anej zmiany mentalno\u015bci w Cicli Esperia.<\/p>\n<p>Obecnie obserwujemy znaczny wzrost strategicznej wra\u017cliwo\u015bci zwi\u0105zanej z produkcj\u0105 i sprzeda\u017c\u0105 rower\u00f3w z wy\u017cszej p\u00f3\u0142ki.<\/p>\n<p>To pozwoli\u0142o nam skupi\u0107 cz\u0119\u015b\u0107 zasob\u00f3w na tworzeniu ram i rower\u00f3w o wysokich osi\u0105gach, dedykowanych zar\u00f3wno zawodnikom, jak i wymagaj\u0105cym pasjonatom dw\u00f3ch k\u00f3\u0142ek.<\/p>\n","protected":false},"excerpt":{"rendered":"<p>Fondriest to marka wy\u015bcigowa, kt\u00f3ra do\u0142\u0105czy\u0142a do grupy w 2006 roku, przyczyniaj\u0105c si\u0119 do wyra\u017anej zmiany mentalno\u015bci w Cicli Esperia. Obecnie obserwujemy znaczny wzrost strategicznej wra\u017cliwo\u015bci zwi\u0105zanej z produkcj\u0105 i sprzeda\u017c\u0105 rower\u00f3w z wy\u017cszej p\u00f3\u0142ki. To pozwoli\u0142o nam skupi\u0107 cz\u0119\u015b\u0107 zasob\u00f3w na tworzeniu ram i rower\u00f3w o wysokich osi\u0105gach, dedykowanych zar\u00f3wno zawodnikom, jak i wymagaj\u0105cym [&hellip;]<\/p>\n","protected":false},"author":1,"featured_media":4570,"parent":0,"menu_order":0,"comment_status":"closed","ping_status":"closed","template":"template-azienda.php","meta":{"_acf_changed":false,"inline_featured_image":false,"footnotes":""},"class_list":["post-4891","page","type-page","status-publish","has-post-thumbnail","hentry"],"acf":[],"_links":{"self":[{"href":"https:\/\/www.fondriestbici.com\/pl\/wp-json\/wp\/v2\/pages\/4891","targetHints":{"allow":["GET"]}}],"collection":[{"href":"https:\/\/www.fondriestbici.com\/pl\/wp-json\/wp\/v2\/pages"}],"about":[{"href":"https:\/\/www.fondriestbici.com\/pl\/wp-json\/wp\/v2\/types\/page"}],"author":[{"embeddable":true,"href":"https:\/\/www.fondriestbici.com\/pl\/wp-json\/wp\/v2\/users\/1"}],"replies":[{"embeddable":true,"href":"https:\/\/www.fondriestbici.com\/pl\/wp-json\/wp\/v2\/comments?post=4891"}],"version-history":[{"count":5,"href":"https:\/\/www.fondriestbici.com\/pl\/wp-json\/wp\/v2\/pages\/4891\/revisions"}],"predecessor-version":[{"id":7021,"href":"https:\/\/www.fondriestbici.com\/pl\/wp-json\/wp\/v2\/pages\/4891\/revisions\/7021"}],"wp:featuredmedia":[{"embeddable":true,"href":"https:\/\/www.fondriestbici.com\/pl\/wp-json\/wp\/v2\/media\/4570"}],"wp:attachment":[{"href":"https:\/\/www.fondriestbici.com\/pl\/wp-json\/wp\/v2\/media?parent=4891"}],"curies":[{"name":"wp","href":"https:\/\/api.w.org\/{rel}","templated":true}]}}